{"id":186,"date":"2023-10-20T21:09:33","date_gmt":"2023-10-20T19:09:33","guid":{"rendered":"http:\/\/new.constables.at\/?page_id=186"},"modified":"2025-12-16T13:36:13","modified_gmt":"2025-12-16T12:36:13","slug":"history","status":"publish","type":"page","link":"https:\/\/www.constables.at\/en\/about\/history\/","title":{"rendered":"History"},"content":{"rendered":"<p class=\"has-small-font-size\" style=\"font-style:normal;font-weight:300\"><a href=\"http:\/\/new.constables.at\" data-type=\"link\" data-id=\"new.constables.at\" target=\"_blank\" rel=\"noopener\">Home<\/a> \/ <a href=\"http:\/\/new.constables.at\/about\/\" data-type=\"page\" data-id=\"91\" target=\"_blank\" rel=\"noopener\">About<\/a> \/ Vereinshistorie<\/p>\n\n\n\n<h4 class=\"wp-block-heading\">Erfolgsstory der Vienna Constables<\/h4>\n\n\n\n<p style=\"font-style:normal;font-weight:300\">Mit der Teilnahme am 1. \u00f6sterreichischen Gro\u00dfturnier im Jahre 1997 wurden die Vienna Constables ins Leben gerufen. Nach 3 j\u00e4hriger Pause fand sich ein Gro\u00dfteil der einstigen Mannschaft erneut ein, um am 2. \u00f6sterreichischen Gro\u00dfturnier teilzunehmen. Ein Jahr sp\u00e4ter (2001) kam es zur Gr\u00fcndung der AFL (heute FLA), an der die Vienna Constables neben 5 weiteren Mannschaften teilnahmen. Dieser geregelte Ligabetrieb f\u00fchrte zu einem w\u00f6chentlichen Training und die Vienna Constables formierten sich zu einem Verein. Die offizielle Gr\u00fcndung erfolgte im darauf folgenden Jahr (2002) durch Stefan Weis. Seitdem sind die Vienna Constables erfolgreicher Bestandteil der heimischen Flagfootballszene. Die Vienna Constables durchlebten in dieser Zeit H\u00f6hen und Tiefen, wobei die gr\u00f6\u00dften Highlights sicher der Gewinn der \u00f6sterreichischen Staatsmeisterschaft in den Jahren 2008, 2009 und 2018 waren. In den letzten Jahren war es vor allem das Damenteam, welches f\u00fcr Erfolge sorgte und nach dem Meistertitel 2017 auch in den Jahren 2020 und 2022 die Staatsmeisterschaft gewinnen konnte.<\/p>\n\n\n\n<div class=\"wp-block-columns has-tertiary-background-color has-background is-layout-flex wp-container-core-columns-is-layout-28f84493 wp-block-columns-is-layout-flex\" style=\"border-style:none;border-width:0px;border-radius:10px\">\n<div class=\"wp-block-column is-layout-flow wp-block-column-is-layout-flow\">\n<h5 class=\"wp-block-heading\">Titel Herren<\/h5>\n\n\n\n<ul class=\"wp-block-list\">\n<li style=\"font-style:normal;font-weight:300\">\u00d6sterreichischer Meister 2006<\/li>\n\n\n\n<li style=\"font-style:normal;font-weight:300\">\u00d6sterreichischer Staatsmeister 2008, 2009, 2018<\/li>\n\n\n\n<li style=\"font-style:normal;font-weight:300\">Hallenmeister 2009<\/li>\n\n\n\n<li style=\"font-style:normal;font-weight:300\">Wiener Landesmeister 2007, 2008, 2014, 2016<\/li>\n<\/ul>\n<\/div>\n\n\n\n<div class=\"wp-block-column is-layout-flow wp-block-column-is-layout-flow\">\n<h5 class=\"wp-block-heading\">Titel Damen<\/h5>\n\n\n\n<ul class=\"wp-block-list\">\n<li style=\"font-style:normal;font-weight:300\">\u00d6sterreichischer Meister Damen 2017<\/li>\n\n\n\n<li style=\"font-style:normal;font-weight:300\">\u00d6sterreichischer Staatsmeister Damen 2020<\/li>\n\n\n\n<li style=\"font-style:normal;font-weight:300\">\u00d6sterreichischer Staatsmeister Damen 2022<\/li>\n<\/ul>\n<\/div>\n<\/div>","protected":false},"excerpt":{"rendered":"<p>Home \/ About \/ Vereinshistorie Erfolgsstory der Vienna Constables Mit der Teilnahme am 1. \u00f6sterreichischen Gro\u00dfturnier im Jahre 1997 wurden die Vienna Constables ins Leben gerufen. Nach 3 j\u00e4hriger Pause fand sich ein Gro\u00dfteil der einstigen Mannschaft erneut ein, um am 2. \u00f6sterreichischen Gro\u00dfturnier teilzunehmen. Ein Jahr sp\u00e4ter (2001) kam es zur Gr\u00fcndung der AFL [&hellip;]<\/p>\n","protected":false},"author":1,"featured_media":0,"parent":91,"menu_order":0,"comment_status":"closed","ping_status":"closed","template":"","meta":{"footnotes":""},"class_list":["post-186","page","type-page","status-publish","hentry"],"_links":{"self":[{"href":"https:\/\/www.constables.at\/en\/wp-json\/wp\/v2\/pages\/186","targetHints":{"allow":["GET"]}}],"collection":[{"href":"https:\/\/www.constables.at\/en\/wp-json\/wp\/v2\/pages"}],"about":[{"href":"https:\/\/www.constables.at\/en\/wp-json\/wp\/v2\/types\/page"}],"author":[{"embeddable":true,"href":"https:\/\/www.constables.at\/en\/wp-json\/wp\/v2\/users\/1"}],"replies":[{"embeddable":true,"href":"https:\/\/www.constables.at\/en\/wp-json\/wp\/v2\/comments?post=186"}],"version-history":[{"count":4,"href":"https:\/\/www.constables.at\/en\/wp-json\/wp\/v2\/pages\/186\/revisions"}],"predecessor-version":[{"id":462,"href":"https:\/\/www.constables.at\/en\/wp-json\/wp\/v2\/pages\/186\/revisions\/462"}],"up":[{"embeddable":true,"href":"https:\/\/www.constables.at\/en\/wp-json\/wp\/v2\/pages\/91"}],"wp:attachment":[{"href":"https:\/\/www.constables.at\/en\/wp-json\/wp\/v2\/media?parent=186"}],"curies":[{"name":"wp","href":"https:\/\/api.w.org\/{rel}","templated":true}]}}