{"id":286,"date":"2023-11-27T21:21:33","date_gmt":"2023-11-27T20:21:33","guid":{"rendered":"http:\/\/new.constables.at\/?page_id=286"},"modified":"2023-11-27T21:21:34","modified_gmt":"2023-11-27T20:21:34","slug":"datenschutzerklaerung","status":"publish","type":"page","link":"http:\/\/www.constables.at\/en\/datenschutzerklaerung\/","title":{"rendered":"Privacy Policy"},"content":{"rendered":"<div class=\"wp-block-group is-nowrap is-layout-flex wp-container-core-group-is-layout-e088cbc5 wp-block-group-is-layout-flex\">\n<p class=\"has-text-color has-link-color has-small-font-size wp-elements-09096ad50e042cb6760478a5bbfb2e08\" style=\"color:#919191;font-style:normal;font-weight:200\"><a href=\"http:\/\/www.new.constables.at\" target=\"_blank\" rel=\"noopener\">Home<\/a><\/p>\n\n\n\n<p class=\"has-text-color has-link-color has-small-font-size wp-elements-861ae8479f2f82cec6ee265849d9d707\" style=\"color:#636363;font-style:normal;font-weight:200\">\/<\/p>\n\n\n\n<p class=\"has-contrast-color has-text-color has-link-color has-small-font-size wp-elements-b014f85388effe6921623cc38eab80d9\" style=\"font-style:normal;font-weight:200\">Privacy Policy<\/p>\n<\/div>\n\n\n\n<h3 class=\"wp-block-heading\">Privacy Policy<\/h3>\n\n\n\n<p>Written on&nbsp;28 May 2018. Posted in&nbsp;<a href=\"http:\/\/www.constables.at\/en\/datenschutzerklaerung\/8-rechtliches\/\">Rechtliches<\/a>.<\/p>\n\n\n\n<p>Der Schutz Ihrer personenbezogenen Daten ist uns ein besonderes Anliegen. Daher halten wir uns beim Erheben und Verarbeiten Ihrer personenbezogenen Daten streng an die gesetzlichen Vorgaben. Nachfolgend wollen wir Sie ausf\u00fchrlich \u00fcber den Umfang und den Zweck unserer Datenverarbeitung sowie Ihre Rechte als Betroffene bzw Betroffener der Datenverarbeitung informieren.<\/p>\n\n\n\n<h3 class=\"wp-block-heading\">Grundsatz der anonymen Nutzung unserer Website(s)<\/h3>\n\n\n\n<p>Die Nutzung der Websites der Sportunion Austrian Flagfootball Team Vienna Constables (<a href=\"http:\/\/www.constables.at\/en\/\">http:\/\/www.constables.at<\/a>) ist grunds\u00e4tzlich ohne Angabe von personenbezogenen Daten m\u00f6glich. F\u00fcr die Nutzung einzelner Services k\u00f6nnen sich jedoch abweichende Regelungen ergeben, auf die wir Sie gesondert hinweisen.<\/p>\n\n\n\n<p>Bei Aufruf unserer Website werden Informationen, wie zB Ihre IP-Adresse, an uns \u00fcbertragen. Diese Informationen geben Auskunft \u00fcber das genutzte Endger\u00e4t (Computer, Smartphone, Tablet etc), den verwendeten Browser (Internetexplorer, Safari, Firefox etc), den Zeitpunkt des Zugriffs auf unsere Website, die \u00fcbertragenen Datenmengen und \u00c4hnliches. Diese Daten werden von uns nicht dazu verwendet, den einzelnen Nutzer zu identifizieren. Die Informationen dienen lediglich dazu, die Attraktivit\u00e4t unserer Webseite zu ermitteln, und deren Inhalte laufend zu verbessern und f\u00fcr Sie noch interessanter zu gestalten. Der Vollst\u00e4ndigkeit halber weisen wir jedoch darauf hin, dass es im Falle statischer IP-Adresse grunds\u00e4tzlich m\u00f6glich ist, \u00fcber eine RIPE-Abfrage einen Personenbezug herzustellen. Solche RIPE-Abfragen werden von uns nicht durchgef\u00fchrt.<\/p>\n\n\n\n<h3 class=\"wp-block-heading\">Externe Links<\/h3>\n\n\n\n<p>Zu Ihrer optimalen Information finden Sie auf unseren Seiten Links, die auf Seiten Dritter verweisen. Soweit solche Links nicht offensichtlich erkennbar sind, weisen wir Sie darauf hin, dass es sich um einen externen Link handelt. Die Vienna Constables haben keinerlei Einfluss auf den Inhalt und die Gestaltung dieser Seiten anderer Anbieter und \u00fcbernimmt keinerlei Haftung f\u00fcr die Inhalte der mit dieser Website verkn\u00fcpften Websites oder URL&#8217;s anderer Betreiber. Ebenso haften die Vienna Constables auch nicht f\u00fcr das Funktionieren von Linkverkn\u00fcpfungen jedweder Art. Die Garantien dieser Datenschutzerkl\u00e4rung gelten daher selbstverst\u00e4ndlich dort nicht.<\/p>\n\n\n\n<p>Bei Verlinkungen auf weitere Online-Angebote \u00fcbernehmen wir keine Haftung \u00fcber den Inhalt, Funktionalit\u00e4t und Verf\u00fcgbarkeit der verlinkten Website(s). Dies gilt auch bei allen anderen direkten oder indirekten Verweisen oder Verlinkungen auf fremde Internetangebote. Links auf diese Website sind erw\u00fcnscht, wenn sie als externe Links in einem eigenen Browserfenster gestaltet sind. Eine \u00dcbernahme des Hauptfensters in einen Frame des Linksetzers ist unzul\u00e4ssig. Sollte eine Website, auf die wir verlinkt haben, rechtswidrige Inhalte enthalten, so bitten wir um Mitteilung, der Link wird dann umgehend entfernt.<\/p>\n\n\n\n<h3 class=\"wp-block-heading\">Personenbezogene Daten<\/h3>\n\n\n\n<p>Personenbezogene Daten sind alle Informationen, die sich auf eine identifizierte oder identifizierbare nat\u00fcrliche Person beziehen. Darunter fallen beispielsweise Ihr Name, Ihre Anschrift, Ihre Telefonnummer oder Ihr Geburtsdatum und weitere f\u00fcr die Gesch\u00e4ftsabwicklung erforderliche Daten.<\/p>\n\n\n\n<h3 class=\"wp-block-heading\">Personenbezogene Daten Ihrer Kinder<\/h3>\n\n\n\n<p>Personenbezogene Daten von Kindern werden von uns ausschlie\u00dflich mit Hinweis und mit Zustimmung der Eltern bzw Erziehungsberechtigten verarbeitet. Eine Verwendung oder Weitergabe der personenbezogenen Daten von Kindern durch uns erfolgt grunds\u00e4tzlich nur, soweit dies gesetzlich erlaubt ist, zur Einholung der gesetzlich erforderlichen elterlichen Zustimmung oder zum Schutz von Kindern.<\/p>\n\n\n\n<h3 class=\"wp-block-heading\">Erhebung und Verarbeitung personenbezogener Daten<\/h3>\n\n\n\n<p>Personenbezogene Daten werden von uns ausschlie\u00dflich verarbeitet, wenn Sie uns diese von sich aus freiwillig mitteilen, beispielsweise wenn Sie sich bei uns registrieren oder mit uns in Kontakt treten.<\/p>\n\n\n\n<p>Wir verwenden die von Ihnen angegebenen personenbezogenen Daten ausschlie\u00dflich soweit Ihre Daten zur Erf\u00fcllung des jeweiligen Zwecks (zB die Registrierung, die Newsletter-Versendung, das Zusenden von Informationsmaterial und Werbung) erforderlich sind, und\/oder dies gesetzlich erlaubt ist.<\/p>\n\n\n\n<p>Zweck der Verarbeitung Ihrer Daten ist das Betreiben der Websites mit Informationen, der Darstellung und Dienstleistungen der Vienna Cobstables.<\/p>\n\n\n\n<p>Eine dar\u00fcber hinaus gehende Verwendung Ihrer Daten findet nur statt, wenn Sie zuvor ausdr\u00fccklich dazu eingewilligt haben. Ihre Einwilligung k\u00f6nnen Sie jederzeit f\u00fcr die Zukunft widerrufen.<\/p>\n\n\n\n<h3 class=\"wp-block-heading\">Speicherdauer<\/h3>\n\n\n\n<p>Daten, die Sie uns ausschlie\u00dflich zur Kontaktaufnahme bzw f\u00fcr Marketing und Informationszwecke zur Verf\u00fcgung gestellt haben, speichern wir bis zum Ablauf von drei Jahren nach Ihrem letzten Kontakt mit uns, es sei denn, Sie widerrufen Ihre Einwilligung vorher.<\/p>\n\n\n\n<p>Im Falle einer Mitgliedschaft bei den Vienna Constables werden Ihre personenbezogenen Daten nach Beendigung der Mitgliedschaft bis zum Ablauf der f\u00fcr uns geltenden Verj\u00e4hrungs- und gesetzlichen Aufbewahrungsfristen, dar\u00fcber hinaus bis zur endg\u00fcltigen rechtskr\u00e4ftigen Beendigung von allf\u00e4lligen Rechtsstreitigkeiten, bei denen die Daten als Beweis ben\u00f6tigt werden, gespeichert.<\/p>\n\n\n\n<h3 class=\"wp-block-heading\">Newsletter<\/h3>\n\n\n\n<p>Sie haben die M\u00f6glichkeit unseren kostenlosen Newsletter zu abonnieren. Mit diesem Newsletter erhalten Sie in regelm\u00e4\u00dfigen Abst\u00e4nden aktuelle Neuigkeiten und Informationen \u00fcber die Vienna Constables, den Flag Football Sport und American Football im Allgemeinen. F\u00fcr den Empfang des Newsletters ben\u00f6tigen Sie eine g\u00fcltige E-Mail-Adresse. Die von Ihnen eingetragene E-Mail-Adresse \u00fcberpr\u00fcfen wir dahingehend, ob Sie tats\u00e4chlich der Inhaber der angegebenen E-Mail-Adresse sind, bzw deren Inhaber f\u00fcr den Empfang des Newsletters autorisiert ist. Dies erfolgt in der Weise dadurch, dass wir Ihnen an die von Ihnen genannte E-Mail-Adresse eine E-Mail schicken, deren Erhalt Sie dann best\u00e4tigen. Nach Best\u00e4tigung der E-Mail sind Sie f\u00fcr unseren Newsletter angemeldet.<\/p>\n\n\n\n<p>Mit Ihrer Anmeldung zum Newsletter speichern wir Ihre IP-Adresse, das Datum und die Uhrzeit Ihrer Anmeldung. Dies geschieht aus Sicherheitsgr\u00fcnden f\u00fcr den Fall, dass ein Dritter Ihre E-Mail-Adresse missbraucht und ohne Ihr Wissen unseren Newsletter abonniert. Weitere Daten werden von uns f\u00fcr das Newsletter-Abonnement nicht erhoben und verarbeitet, die Daten werden ausschlie\u00dflich f\u00fcr den Bezug des Newsletters verwendet.<\/p>\n\n\n\n<p>Sie k\u00f6nnen Ihrer Einwilligung jederzeit mit Wirkung f\u00fcr die Zukunft widerrufen. Innerhalb der Unternehmensgruppe werden Ihre Daten, die Sie uns zum Bezug des Newsletters zur Verf\u00fcgung gestellt haben mit Daten, die m\u00f6glicherweise durch uns anderweitig (zB beim Kauf von eine Ware oder Buchung einer Dienstleistung) erhoben werden, abgeglichen.<\/p>\n\n\n\n<p>Eine Weitergabe Ihrer Daten zur Newsletter-Anmeldung an Dritte, die nicht zur Unternehmensgruppe geh\u00f6ren, erfolgt nicht.<\/p>\n\n\n\n<p>Den Bezug unserer Newsletters k\u00f6nnen Sie jederzeit abbestellen. Details zur Abmeldung finden Sie in jedem einzelnen Newsletter.<\/p>\n\n\n\n<h3 class=\"wp-block-heading\">Daten\u00fcbermittlung<\/h3>\n\n\n\n<p>Eine \u00dcbermittlung Ihrer Daten an Dritte au\u00dferhalb der Vienna Constables findet grunds\u00e4tzlich nicht statt, es sei denn, wir sind gesetzlich dazu verpflichtet, die Datenweitergabe ist zur Durchf\u00fchrung des Vertragsverh\u00e4ltnisses erforderlich oder Sie haben zuvor ausdr\u00fccklich in die Weitergabe Ihrer Daten eingewilligt. Externe Dienstleister oder andere Kooperationspartner, erhalten Ihre Daten nur, soweit dies zur Vertragsabwicklung erforderlich ist. Soweit unsere Dienstleister mit Ihren personenbezogenen Daten in Ber\u00fchrung kommen, stellen wir sicher, dass diese die Vorschriften der Datenschutzgesetze in gleicher Weise einhalten wie wir.<\/p>\n\n\n\n<p>Ihre personenbezogenen Daten werden nicht an Dritte ver\u00e4u\u00dfert oder anderweitig vermarktet.<\/p>\n\n\n\n<p>Die Einwilligung zur Weitergabe Ihrer Daten an Unternehmen der Unternehmensgruppe k\u00f6nnen Sie jederzeit mit Wirkung f\u00fcr die Zukunft widerrufen.<\/p>\n\n\n\n<h3 class=\"wp-block-heading\">Cookies<\/h3>\n\n\n\n<p>Um unser Webangebot zu verbessern und die Nutzung f\u00fcr Sie so optimal wie m\u00f6glich zu gestalten, verwenden wir Cookies. Cookies sind kleine Textdateien, die beim Aufruf unserer Website auf Ihren Computer hinterlegt werden, und eine erneute Zuordnung Ihres Browser erm\u00f6glichen. Cookies speichern Informationen, wie beispielsweise Ihre Spracheinstellung, die Besuchsdauer auf unserer Website oder Ihre dort getroffenen Eingaben. Dadurch wird vermieden, dass bei jeder Nutzung alle erforderlichen Daten erneut eingegeben werden m\u00fcssen. Au\u00dferdem erm\u00f6glichen uns Cookies, Ihre Pr\u00e4ferenzen zu erkennen und unsere Website nach Ihren Interessengebieten auszurichten.<\/p>\n\n\n\n<p>Den Link zu unserer Cookie-Richtlinie finden Sie hier:&nbsp;<a href=\"http:\/\/www.constables.at\/en\/cookie-policy\/\">http:\/\/www.constables.at\/cookie-policy<\/a><\/p>\n\n\n\n<h3 class=\"wp-block-heading\">Web Analyse<\/h3>\n\n\n\n<p>Auf unseren Websites nutzen wir den Webanalysedienst Google Analytics der Google Inc., 1600 Amphitheatre Parkway, Mountain View, CA 94043, USA (\u201eGoogle\u201c). Google Analytics verwendet Cookies, welche auf Ihrem Computer gespeichert werden und eine Analyse der Websitenutzung erm\u00f6glichen. Die durch den Cookie erzeugten Informationen \u00fcber die Nutzung der Website werden in der Regel an einen Server von Google in den USA \u00fcbertragen und dort gespeichert.<\/p>\n\n\n\n<p>Google wird diese Informationen in unserem Auftrag benutzen, um Ihre Nutzung der Website auszuwerten, um Reports \u00fcber die Website-Aktivit\u00e4ten zusammenzustellen und um weitere mit der Website-Nutzung und der Internetnutzung verbundenen Dienstleistungen gegen\u00fcber Website-Betreibern zu erbringen.<\/p>\n\n\n\n<p>Wir setzen Google Analytics nur mit aktiver IP-Anonymisierung ein. Das bedeutet, die IP- Adresse der Nutzer wird von Google innerhalb von Mitgliedstaaten der Europ\u00e4ischen Union oder in anderen Vertragsstaaten des Abkommens \u00fcber den Europ\u00e4ischen Wirtschaftsraum gek\u00fcrzt. Nur in Ausnahmef\u00e4llen wird die IP-Adresse an einen Server von Google in den USA \u00fcbertragen und dort gek\u00fcrzt.<\/p>\n\n\n\n<p>Sie k\u00f6nnen die Erfassung der durch das Cookie erzeugten und auf Ihre Nutzung des Onlineangebotes bezogenen Daten an Google sowie die Verarbeitung dieser Daten durch Google verhindern, indem Sie das unter dem folgenden Link verf\u00fcgbare Browser-Plug-In herunterladen und installieren:&nbsp;<a href=\"https:\/\/tools.google.com\/dlpage\/gaoptout\" target=\"_blank\" rel=\"noopener\">tools.google.com\/dlpage\/gaoptout<\/a>. N\u00e4here Informationen zu Nutzungsbedingungen und Datenschutz finden Sie unter&nbsp;<a href=\"http:\/\/www.google.com\/analytics\/terms\/de.html\" target=\"_blank\" rel=\"noopener\">http:\/\/www.google.com\/analytics\/terms\/de.html<\/a>&nbsp;bzw. unter&nbsp;<a href=\"http:\/\/www.google.de\/intl\/de\/policies\/\" target=\"_blank\" rel=\"noopener\">http:\/\/www.google.de\/intl\/de\/policies\/<\/a>.<\/p>\n\n\n\n<p><strong>Schriftbibliothek Google Fonts<\/strong><\/p>\n\n\n\n<p>Um unsere Inhalte browser\u00fcbergreifend korrekt und grafisch ansprechend darzustellen, verwenden wir teilweise die Schriftbibliothek Google Webfonts&nbsp;<a href=\"https:\/\/www.google.com\/webfonts\/\" target=\"_blank\" rel=\"noopener\">https:\/\/www.google.com\/webfonts\/<\/a>. Google Webfonts werden zur Vermeidung mehrfachen Ladens in den Cache Ihres Browsers \u00fcbertragen. Falls der Browser die Google Webfonts nichtunterst\u00fctzt oder den Zugriff unterbindet, werden Inhalte in einer Standardschrift angezeigt.<\/p>\n\n\n\n<p><strong>Konversionsmessung mit dem Besucheraktions-Pixel von Facebook<\/strong><\/p>\n\n\n\n<p>Mit Ihrer Einwilligung setzen wir innerhalb unseres Internetauftritts den \u201eBesucheraktions- Pixel\u201c der Facebook Inc., 1601 S. California Ave, Palo Alto, CA 94304, USA (\u201cFacebook\u201d) ein. Mit dessen Hilfe k\u00f6nnen wir die Aktionen von Nutzern nachverfolgen, nach dem diese eine<\/p>\n\n\n\n<p>Facebook-Werbeanzeige gesehen oder geklickt haben. So k\u00f6nnen wir die Wirksamkeit der Facebook-Werbeanzeigen f\u00fcr statistische und marktforschungszwecke erfassen. Die so erfassten Daten sind f\u00fcr uns anonym, das hei\u00dft wir sehen nicht die personenbezogenen Daten einzelner Nutzer. Diese Daten werden jedoch von Facebook gespeichert und verarbeitet, wor\u00fcber wir Sie entsprechend unserem Kenntnisstand unterrichten. Facebook kann diese Daten mit Ihrem Facebookkonto verbinden und auch f\u00fcr eigene Werbezwecke, entsprechend Facebooks Datensverwendungsrichtlinie verwenden&nbsp;<a href=\"https:\/\/www.facebook.com\/about\/privacy\/\" target=\"_blank\" rel=\"noopener\">https:\/\/www.facebook.com\/about\/privacy\/.<\/a>&nbsp;Sie k\u00f6nnen Facebook sowie dessen Partnern das Schalten von Werbeanzeigen auf und au\u00dferhalb von Facebook erm\u00f6glichen. Es kann ferner zu diesen Zwecken ein Cookie auf Ihrem Rechner gespeichert werden. Diese Einwilligung darf nur von Nutzern, die \u00e4lter als 14 Jahre alt sind erkl\u00e4rt werden. Bitte klicken Sie hier, wenn Sie Ihre Einwilligung widerrufen m\u00f6chten:&nbsp;<a href=\"https:\/\/www.facebook.com\/settings?tab=ads\" target=\"_blank\" rel=\"noopener\">https:\/\/www.facebook.com\/settings?tab=ads<\/a>Sie k\u00f6nnen der pseudonymen Datenverarbeitung durch die genannten Webanalysetools jederzeit widersprechen, so dass Ihre Besuche auf unseren Internetseiten k\u00fcnftig nicht mehr erfasst werden. Hierf\u00fcr ist die Aktivierung von sogenannten &#8222;Opt-Out-Cookies&#8220; erforderlich. Bitte bet\u00e4tigen sie nachfolgenden Link, wenn sie der pseudonymen Datenverarbeitung widersprechen wollen:&nbsp;<a href=\"http:\/\/www.constables.at\/en\/impressum\/\">http:\/\/www.constables.at\/impressum<\/a><\/p>\n\n\n\n<p>Alternativ kann die Verwendung von Cookies durch Drittanbieter deaktiviert werden, indem sie die Deaktivierungsseite der Netzwerkwerbeinitiative aufrufen. Wir weisen Sie darauf hin, dass Sie in diesem Fall gegebenenfalls nicht s\u00e4mtliche Funktionen dieser Website voll umf\u00e4nglich nutzen k\u00f6nnen.<\/p>\n\n\n\n<h3 class=\"wp-block-heading\">Sicherheit<\/h3>\n\n\n\n<p>Wir setzen technische und organisatorische Sicherheitsma\u00dfnahmen ein, um Ihre Daten gegen Manipulationen, Verlust, Zerst\u00f6rung und gegen den Zugriff Dritter zu sch\u00fctzen. Unsere Sicherheitsma\u00dfnahmen werden entsprechend der technologischen Entwicklung im Internet laufend verbessert.<\/p>\n\n\n\n<p>Alle Informationen, die wir von Ihnen erhalten, werden durch einen sicheren Server gesch\u00fctzt. Die Sicherheitssoftware des Servers SSL (Secure Socket Layers) verschl\u00fcsselt alle von Ihnen eingegebenen Informationen, bevor diese an uns \u00fcbermittelt werden. Die Informationen werden erst dann entschl\u00fcsselt, wenn sie unseren Server erreicht haben. Wenn ein kleines Vorh\u00e4ngeschloss links unten auf unserer Website erscheint, wissen Sie, dass die Website gesichert ist.<\/p>\n\n\n\n<h3 class=\"wp-block-heading\">Ihre Rechte<\/h3>\n\n\n\n<p>Gem\u00e4\u00df der Datenschutz-Grundverordnung und dem Datenschutzgesetz stehen Ihnen als betroffene Person der Datenverarbeitung folgende Rechte und Rechtsbehelfe zu:<\/p>\n\n\n\n<p><strong>Recht auf Auskunft<\/strong><\/p>\n\n\n\n<p>Sie haben als betroffene Person der Datenverarbeitung das Recht Auskunft dar\u00fcber zu verlangen, ob und wenn ja, welche personenbezogenen Daten \u00fcber sie verarbeitet werden. Zu Ihrem eigenen Schutz \u2013 damit niemand Fremder Auskunft \u00fcber Ihre Daten erh\u00e4lt \u2013 kann es erforderlich sein, dass wir ihre Identit\u00e4t in geeigneter Form nachpr\u00fcfen.<\/p>\n\n\n\n<p><strong>Recht auf Berichtigung und L\u00f6schung<\/strong><\/p>\n\n\n\n<p>Sie haben das Recht unverz\u00fcglich die Berichtigung Sie betreffender unrichtiger personenbezogener Daten bzw \u2013 unter Ber\u00fccksichtigung der Zwecke der Datenverarbeitung \u2013 die Vervollst\u00e4ndigung unvollst\u00e4ndiger personenbezogener Daten sowie die L\u00f6schung Ihrer Daten zu verlangen.<\/p>\n\n\n\n<p><strong>Recht auf Einschr\u00e4nkung der Verarbeitung<\/strong><\/p>\n\n\n\n<p>Sie haben das Recht auf Einschr\u00e4nkung der Verarbeitung s\u00e4mtlicher erhobener personenbezogener Daten. Diese Daten werden ab dem Einschr\u00e4nkungsantrag nur mehr mit individueller Einwilligung bzw zur Geltendmachung und Durchsetzung von Rechtsanspr\u00fcchen verarbeitet.<\/p>\n\n\n\n<p><strong>Recht auf Daten\u00fcbertragbarkeit<\/strong><\/p>\n\n\n\n<p>Sie k\u00f6nnen die ungehinderte und uneingeschr\u00e4nkte \u00dcbermittlung erhobener personenbezogener Daten an einen Dritten verlangen.<\/p>\n\n\n\n<p><strong>Widerspruchsrecht<\/strong><\/p>\n\n\n\n<p>Sie k\u00f6nnen aus Gr\u00fcnden, die sich aus ihrer besonderen Situation ergeben, jederzeit gegen die Verarbeitung Sie betreffender personenbezogener Daten, die zur Wahrung berechtigter Interessen des Verantwortlichen oder eines Dritten erforderlich sind, Widerspruch einlegen. Ihre Daten werden nach Widerspruch nicht mehr verarbeitet, es sei denn, es liegen zwingende schutzw\u00fcrdige Gr\u00fcnde f\u00fcr die Verarbeitung vor, die Ihre Interessen, Rechte und Freiheiten \u00fcberwiegen oder die Verarbeitung dient der Geltendmachung, Aus\u00fcbung oder Verteidigung von Rechtsanspr\u00fcchen.<\/p>\n\n\n\n<p>Gegen die Datenverarbeitung zum Zweck der Direktwerbung k\u00f6nnen Sie jederzeit Widerspruch mit Wirkung f\u00fcr die Zukunft erheben.<\/p>\n\n\n\n<h4 class=\"wp-block-heading\">Fristen f\u00fcr die Vienna Constables<\/h4>\n\n\n\n<p>Ergreifen Sie eine Ma\u00dfnahme zur Durchsetzung Ihrer oben aufgef\u00fchrten Rechte aus der DSGVO, so haben die Vienna Constables unverz\u00fcglich, sp\u00e4testens aber innerhalb eines Monat nach Eingang Ihres Antrags, zur beantragten Ma\u00dfnahme Stellung zu nehmen bzw dem Antrag zu entsprechen.<\/p>\n\n\n\n<p>Wir werden auf alle angemessenen Anfragen unentgeltlich und m\u00f6glichst umgehend entsprechend des geltenden Rechts agieren.<\/p>\n\n\n\n<p><strong>Rechtsbehelfe<\/strong><\/p>\n\n\n\n<p>F\u00fcr Antr\u00e4ge betreffend Verletzung des Rechtes auf Auskunft, Verletzung der Rechte auf Geheimhaltung, auf Richtigstellung oder auf L\u00f6schung ist die Datenschutzbeh\u00f6rde zust\u00e4ndig<\/p>\n\n\n\n<h3 class=\"wp-block-heading\">Ansprechpersonen<\/h3>\n\n\n\n<p>Sportunion Austrian Flagfootball Team Vienna Constables<br>Margaretenstrasse 38\/2\/33<br>1040 Wien<br>Mail:&nbsp;<a href=\"mailto:office@constables.at\">office@constables.at<\/a><\/p>\n\n\n\n<p><em>Stand: Mai 2018<\/em><\/p>\n\n\n\r\n<div \r\n\tclass=\"noPrint align wp-block-ppb-print-page\"\tid='ppbPrintPage-1' \r\n\tdata-attributes='{&quot;cId&quot;:&quot;77f8494b-3&quot;,&quot;alignment&quot;:&quot;left&quot;,&quot;btnTypo&quot;:{&quot;fontSize&quot;:14},&quot;btnColors&quot;:{&quot;color&quot;:&quot;rgba(80, 80, 80, 1)&quot;,&quot;bg&quot;:&quot;rgba(255, 255, 255, 1)&quot;},&quot;align&quot;:&quot;&quot;,&quot;buttonVariant&quot;:&quot;default&quot;,&quot;isPrintSection&quot;:false,&quot;sectionSelector&quot;:&quot;&quot;,&quot;isModal&quot;:false,&quot;isHeaderFooter&quot;:true,&quot;isBackground&quot;:false,&quot;isLayout&quot;:false,&quot;removeSelectors&quot;:&quot;&quot;,&quot;isIcon&quot;:true,&quot;icon&quot;:{&quot;type&quot;:&quot;default&quot;,&quot;default&quot;:&quot;fcPrinter&quot;,&quot;url&quot;:&quot;&quot;},&quot;isText&quot;:true,&quot;btnText&quot;:&quot;Print&quot;,&quot;btnHoverColors&quot;:{&quot;color&quot;:&quot;#4527a4&quot;,&quot;bg&quot;:&quot;#4527a433&quot;},&quot;btnPadding&quot;:{&quot;vertical&quot;:&quot;5px&quot;,&quot;horizontal&quot;:&quot;15px&quot;},&quot;btnBorder&quot;:{&quot;radius&quot;:&quot;5px&quot;},&quot;btnShadow&quot;:[],&quot;hoverBtnShadow&quot;:[],&quot;TrpContentRestriction&quot;:{&quot;restriction_type&quot;:&quot;exclude&quot;,&quot;selected_languages&quot;:[],&quot;panel_open&quot;:true},&quot;openPopupId&quot;:&quot;&quot;}'\r\n>\r\n<\/div>","protected":false},"excerpt":{"rendered":"<p>Home \/ Datenschutzerkl\u00e4rung Datenschutzerkl\u00e4rung Written on&nbsp;28 May 2018. Posted in&nbsp;Rechtliches. Der Schutz Ihrer personenbezogenen Daten ist uns ein besonderes Anliegen. Daher halten wir uns beim Erheben und Verarbeiten Ihrer personenbezogenen Daten streng an die gesetzlichen Vorgaben. Nachfolgend wollen wir Sie ausf\u00fchrlich \u00fcber den Umfang und den Zweck unserer Datenverarbeitung sowie Ihre Rechte als Betroffene bzw [&hellip;]<\/p>\n","protected":false},"author":1,"featured_media":0,"parent":0,"menu_order":0,"comment_status":"closed","ping_status":"closed","template":"","meta":{"footnotes":""},"class_list":["post-286","page","type-page","status-publish","hentry"],"_links":{"self":[{"href":"http:\/\/www.constables.at\/en\/wp-json\/wp\/v2\/pages\/286","targetHints":{"allow":["GET"]}}],"collection":[{"href":"http:\/\/www.constables.at\/en\/wp-json\/wp\/v2\/pages"}],"about":[{"href":"http:\/\/www.constables.at\/en\/wp-json\/wp\/v2\/types\/page"}],"author":[{"embeddable":true,"href":"http:\/\/www.constables.at\/en\/wp-json\/wp\/v2\/users\/1"}],"replies":[{"embeddable":true,"href":"http:\/\/www.constables.at\/en\/wp-json\/wp\/v2\/comments?post=286"}],"version-history":[{"count":3,"href":"http:\/\/www.constables.at\/en\/wp-json\/wp\/v2\/pages\/286\/revisions"}],"predecessor-version":[{"id":295,"href":"http:\/\/www.constables.at\/en\/wp-json\/wp\/v2\/pages\/286\/revisions\/295"}],"wp:attachment":[{"href":"http:\/\/www.constables.at\/en\/wp-json\/wp\/v2\/media?parent=286"}],"curies":[{"name":"wp","href":"https:\/\/api.w.org\/{rel}","templated":true}]}}