{"id":278,"date":"2023-11-27T21:14:51","date_gmt":"2023-11-27T20:14:51","guid":{"rendered":"http:\/\/new.constables.at\/?page_id=278"},"modified":"2024-05-22T20:59:28","modified_gmt":"2024-05-22T18:59:28","slug":"impressum","status":"publish","type":"page","link":"http:\/\/www.constables.at\/en\/impressum\/","title":{"rendered":"Imprint"},"content":{"rendered":"\n<div class=\"wp-block-group is-nowrap is-layout-flex wp-container-core-group-is-layout-e088cbc5 wp-block-group-is-layout-flex\">\n<p class=\"has-text-color has-link-color has-small-font-size wp-elements-09096ad50e042cb6760478a5bbfb2e08\" style=\"color:#919191;font-style:normal;font-weight:200\"><a href=\"http:\/\/www.new.constables.at\" target=\"_blank\" rel=\"noopener\">Home<\/a><\/p>\n\n\n\n<p class=\"has-text-color has-link-color has-small-font-size wp-elements-861ae8479f2f82cec6ee265849d9d707\" style=\"color:#636363;font-style:normal;font-weight:200\">\/<\/p>\n\n\n\n<p class=\"has-contrast-color has-text-color has-link-color has-small-font-size wp-elements-497003f1e628667914e190ae1d8163c7\" style=\"font-style:normal;font-weight:200\">Impressum<\/p>\n<\/div>\n\n\n\n<h3 class=\"wp-block-heading\">Impressum<\/h3>\n\n\n\n<p><strong>Offenlegung nach \u00a7 25 (5) Mediengesetz und Allgemeine Informationen nach \u00a7 5 (1) E-Commerce-Gesetz:<\/strong><\/p>\n\n\n\n<p>Medieninhaber\/Diensteanbieter<br>Sportunion Vienna Constables<\/p>\n\n\n\n<p>Sitz\/Niederlassung<br>1160Wien, Ottakringer Stra\u00dfe 242\/6\/15<\/p>\n\n\n\n<p>(Sonstige Angaben nicht vorhanden bzw. nicht zutreffend)<\/p>\n\n\n\n<p><strong>Kontakt:<\/strong><\/p>\n\n\n\n<p>E-Mail:&nbsp;<a href=\"mailto:office@constables.at\">office@constables.at<\/a><br>Internet:&nbsp;<a href=\"http:\/\/www.constables.at\/\">constables.at<\/a><\/p>\n\n\n\n<p><br><strong>Eintragung im Vereinsregister.&nbsp;Registereintrag:<\/strong><\/p>\n\n\n\n<p>Zust\u00e4ndigkeit:&nbsp;Landespolizeidirektion Wien, Referat Vereins-, Versammlungs- und&nbsp;Medienrechtsangelegenheiten&nbsp;<br>ZVR-Zahl: 392028238<\/p>\n\n\n\n<p><strong>Nutzungsbedingungen<\/strong><br>Das Sportunion Austrian Flagfootball Team Vienna Constables (nachfolgend auch als &#8222;Vienna Constables&#8220; bezeichnet) erm\u00f6glicht die Nutzung der Domain sowie der unter der Domain erreichbaren Internetseiten zu den nachfolgenden Nutzungsbedingungen. Falls Sie mit den Nutzungsbedingungen nicht einverstanden sind, benutzen Sie diese Website bitte nicht.<\/p>\n\n\n\n<p><strong>Nutzungserlaubnis<\/strong><br>Die Vienna Constables stellen die auf diesen Internetseiten eingestellten Inhalte Interessenten zur allgemeinen Information zur Verf\u00fcgung.<br>Die Vienna Constables r\u00e4umen nat\u00fcrlichen Personen, die diese Internetseiten besuchen, eine widerrufliche, nicht exklusive, nicht \u00fcbertragbare und beschr\u00e4nkte Erlaubnis zum Zugang und zur Benutzung der Internetseite ein. Die Erlaubnis gilt nur insoweit, als der Nutzer sich an gesetzliche und in den Nutzungsbedingungen benannte Einschr\u00e4nkungen h\u00e4lt.<br>Die Internetseiten sind nicht an Personen in L\u00e4ndern gerichtet, die das Vorhalten bzw. den Aufruf der darin eingestellten Inhalte untersagen. Jeder Nutzer ist selbst daf\u00fcr verantwortlich, sich \u00fcber etwaige Beschr\u00e4nkungen vor Aufruf der Internetseiten zu informieren und diese einzuhalten.<br>Die Inhalte der Internetseiten richten sich ausschlie\u00dflich an Interessenten, die ihren Wohnsitz in \u00d6sterreich, Deutschland oder der Schweiz haben. Die Internetseiten sind daher in deutscher Sprache verfasst. Nur diesen Interessenten ist der Zugriff auf die nachfolgenden Informationen gestattet.<\/p>\n\n\n\n<p><strong>Keine Gew\u00e4hr f\u00fcr Inhalte<\/strong><br>Die Vienna Constables sind bem\u00fcht, daf\u00fcr Sorge zu tragen, dass die Inhalte auf den Internetseiten zeitnah, vollst\u00e4ndig und richtig sind. Da Informationen jedoch raschen \u00c4nderungen unterliegen k\u00f6nnen, sind die Inhalte nicht notwendigerweise stets zeitnah, richtig und vollst\u00e4ndig.<br>Abgesehen von der Haftung f\u00fcr eigenes grob fahrl\u00e4ssiges Verhalten oder Vorsatz gilt Folgendes:<br>Es wird keine Gew\u00e4hr f\u00fcr die Aktualit\u00e4t, die Richtigkeit, die Vollst\u00e4ndigkeit oder die Qualit\u00e4t der bereitgestellten Inhalte \u00fcbernommen. Zudem wird jede Gew\u00e4hr der Vienna Constables f\u00fcr Widerspruchsfreiheit der Inhalte, Freiheit von Rechten Dritter sowie f\u00fcr die M\u00f6glichkeit zum unterbrechungsfreien und ungehinderten Zugang zu den Inhalten ausgeschlossen. Haftungsanspr\u00fcche, die ihren Ursprung in den benannten Punkten bzw. in der Unrichtigkeit, der Unvollst\u00e4ndigkeit oder der Missverst\u00e4ndlichkeit der Informationen haben, sind grunds\u00e4tzlich ausgeschlossen.<br>Die Internetseiten k\u00f6nnen Links zu Internetseiten anderer Anbieter enthalten, deren Inhalte nicht notwendigerweise von den Vienna Constables autorisiert bzw. fortlaufend kontrolliert werden. F\u00fcr die Inhalte von Internetseiten fremder Anbieter \u00fcbernehmen die Vienna Constables demgem\u00e4\u00df keine Haftung.<br>Die Vienna Constables behalten sich das Recht vor, ihre Internetseiten jederzeit ohne vorherige Ank\u00fcndigung ganz oder teilweise anzupassen, zu l\u00f6schen und\/oder zu \u00e4ndern.<\/p>\n\n\n\n<p><strong>Nutzung der Internetseiten<\/strong><br>Inhalt und Gestaltung der Internetseiten sind urheberrechtlich gesch\u00fctzt. Die Vienna Constables behalten sich jeweils alle Rechte an allen Daten, Texten, Bildern, Software sowie sonstigen Elementen vor, die auf diesen Internetseiten angezeigt oder bereitgestellt werden<br>Durch die Benutzung der Internetseiten und des Inhalts erlangt der Interessent keine Rechte an den Internetseiten und deren Inhalt.<br>Abgesehen von dem \u00fcblichen Zwischenspeichern im Rahmen des Betrachtens der Internetseiten zum privaten Gebrauch und von einer gesetzlichen Erlaubnis, ist es nicht gestattet, die Internetseiten sowie Inhalte im Ganzen oder einzelne Teile davon herunterzuladen, zu vervielf\u00e4ltigen und zu verbreiten.<\/p>\n\n\n\n<p><strong>Verschiedenes<\/strong><br>Diese Nutzungsbedingungen unterliegen dem Recht der Republik \u00d6sterreich.<\/p>\n\n\n\n<p><strong>Datenschutz<\/strong><br>Wir freuen uns, dass Sie unsere Webseiten besuchen, und bedanken uns f\u00fcr Ihr Interesse an den Vienna Constables. Der Schutz Ihrer Privatsph\u00e4re bei der Nutzung unserer Webseiten ist uns wichtig. Wir haben technische und organisatorische Ma\u00dfnahmen getroffen, die sicherstellen, dass die Vorschriften \u00fcber den Datenschutz beachtet werden.<br><br>1. Personenbezogene Daten<br>Personenbezogene Daten sind Informationen, die dazu genutzt werden k\u00f6nnen, Ihre Identit\u00e4t zu erfahren. Darunter fallen Informationen wie Ihr richtiger Name, Adresse, Postanschrift, Telefonnummer. Informationen, die nicht direkt mit Ihrer wirklichen Identit\u00e4t in Verbindung gebracht werden (wie zum Beispiel favorisierte Webseiten oder Anzahl der Nutzer einer Site) fallen nicht darunter.<br>Sie k\u00f6nnen unser Online-Angebot grunds\u00e4tzlich ohne Offenlegung Ihrer Identit\u00e4t nutzen. In Verbindung mit Ihrem Zugriff werden auf unseren Servern Daten f\u00fcr Sicherungszwecke gespeichert, die m\u00f6glicherweise eine Identifizierung zulassen (zum Beispiel IP-Adresse, Datum, Uhrzeit und betrachtete Seiten). Es findet keine personenbezogene Verwertung statt. Die statistische Auswertung anonymisierter Datens\u00e4tze bleibt vorbehalten.<br><br>2. Was sind Cookies?<br>Cookies sind Textdateien, die an Ihren Computer gesendet werden, um ihn im Rahmen der Nutzung von Webseiten wiederzuerkennen. Die Vienna Constables nutzen in einigen Bereichen ihrer Webseiten Cookies, um Ihnen die Nutzung der Seiten zu erleichtern und sie individueller zu gestalten. Sie k\u00f6nnen Ihren Webbrowser so einstellen, dass er Sie \u00fcber die \u00dcbertragung von Cookies informiert oder Cookies abgelehnt werden. Informationen dazu erhalten Sie \u00fcber die Hilfe-Funktion Ihres Webbrowsers (z. B. Microsoft Internet-Explorer oder Firefox), den Sie f\u00fcr den Zugang zum Internet nutzen.<br><br>3. Einbindung von Social-Media Plug-Ins<br>Standardm\u00e4\u00dfig werden auf www.Constables.at ausschlie\u00dflich&nbsp; deaktivierte Social Media Plug-Ins von Facebook, Google+ und Twitter eingebettet. Diese stellen keinen automatischen Kontakt zu den Servern der jeweiligen Social-Media Dienste her. Erst wenn Sie die Funktion durch einen Klick auf das entsprechenden Symbol aktivieren und damit Ihre Zustimmung zur Kommunikation erteilen, werden die Buttons von Facebook, Google und\/oder Twitter aktiv und stellen die gew\u00fcnschte(n) Verbindung(en) her. Danach k\u00f6nnen Sie mit einem zweiten Klick Ihre Empfehlung \u00fcbermitteln. Wenn Sie im sozialen Netz Ihrer Wahl bereits angemeldet sind, erfolgt dies bei Facebook oder Google+ ohne ein weiteres Fenster. Bei Twitter erscheint ein Popup-Fenster, in dem man den Text des Tweets noch bearbeiten kann.<br>Genauere Informationen zu Art, Zweck und Umfang sowie der weiteren Verarbeitung und Nutzung Ihrer Daten durch Facebook, Google+ und Twitter entnehmen Sie bitte den unten angef\u00fchrten Links. Dort erfahren Sie auch mehr \u00fcber Ihre diesbez\u00fcglichen Rechte und die Einstellungsm\u00f6glichkeiten zum Schutz Ihrer Privatsph\u00e4re.<br><br>http:\/\/www.facebook.com\/policy.php<br>http:\/\/www.google.com\/intl\/de\/+\/policy\/+1button.html<br>https:\/\/twitter.com\/privacy<br><br>4. Google Analytics<br>Diese Website benutzt Google Analytics, einen Webanalysedienst der Google Inc. (\u201eGoogle\u201c). Google Analytics verwendet sog. \u201eCookies\u201c, Textdateien, die auf Ihrem Computer gespeichert werden und die eine Analyse der Benutzung von www.Constables.at durch Sie erm\u00f6glichen. Die durch den Cookie erzeugten Informationen \u00fcber Ihre Benutzung der Website werden in der Regel an einen Server von Google in den USA \u00fcbertragen und dort gespeichert.<br>Die Google Trackingcodes Vienna Constables.at verwenden die Funktion \u201e_anonymizeIp()\u201c, somit werden IP-Adressen nur gek\u00fcrzt weiterverarbeitet, um eine direkte Personenbeziehbarkeit auszuschlie\u00dfen. Ihre IP-Adresse wird von Google innerhalb von Mitgliedstaaten der Europ\u00e4ischen Union oder in anderen Vertragsstaaten des Abkommens \u00fcber den Europ\u00e4ischen Wirtschaftsraum zuvor gek\u00fcrzt. Nur in Ausnahmef\u00e4llen wird die volle IP-Adresse an einen Server von Google in den USA \u00fcbertragen und dort gek\u00fcrzt. Im Auftrag von Vienna Constables.at wird Google diese Informationen benutzen, um Ihre Nutzung von Vienna Constables.at auszuwerten, um Reports \u00fcber die Websiteaktivit\u00e4ten zusammenzustellen und um weitere mit der Websitenutzung und der Internetnutzung verbundene Dienstleistungen gegen\u00fcber dem Websitebetreiber zu erbringen. Die im Rahmen von Google Analytics von Ihrem Browser \u00fcbermittelte IP-Adresse wird nicht mit anderen Daten von Google zusammengef\u00fchrt.<br><br>5. Widerspruchsm\u00f6glichkeit<br>Sie k\u00f6nnen dar\u00fcber hinaus die Erfassung der durch das Cookie erzeugten und auf Ihre Nutzung von Vienna Constables.at bezogenen Daten an Google sowie die Verarbeitung dieser Daten durch Google verhindern, indem sie das unter dem folgenden Link verf\u00fcgbare Browser-Plugin herunterladen und installieren [Google Browser Plugins].\u201c<br>Der Datenerhebung und -speicherung kann jederzeit mit Wirkung f\u00fcr die Zukunft widersprochen werden. Durch L\u00f6schen der Checkbox \u201eZugriffe mit Google Analytics erfassen\u201c wird das Tracking vollst\u00e4ndig unterbunden. Damit der Widerspruch dauerhaft vorgenommen wird, muss Ihr Browser Cookies akzeptieren.<br><br>6. Externe Links<br>Zu Ihrer optimalen Information finden Sie auf unseren Seiten Links, die auf Seiten Dritter verweisen. Soweit solche Links nicht offensichtlich erkennbar sind, weisen wir Sie darauf hin, dass es sich um einen externen Link handelt. Vienna Constables.at hat keinerlei Einfluss auf den Inhalt und die Gestaltung dieser Seiten anderer Anbieter. Die Garantien dieser Datenschutzerkl\u00e4rung gelten daher selbstverst\u00e4ndlich dort nicht.<br><br>7. Hyper- und Inline-Links<br>Die Einrichtung eines Hyper- und eines Inline-Links von anderen Webseiten auf eine der zu diesem Online-Angebot geh\u00f6renden Webseiten ohne vorherige schriftliche Zustimmung der Vienna Constables wird ausdr\u00fccklich untersagt. Insbesondere ist es unzul\u00e4ssig, die zu diesem Online-Angebot geh\u00f6renden Webseiten oder deren Inhalte mittels eines Hyperlinks in einem Teilfenster (Frame) einzubinden oder darzustellen.<br><br>8. Erhebung und Verarbeitung personenbezogener Daten<br>Personenbezogene Daten werden nur erhoben, wenn Sie uns diese von sich aus, zum Beispiel bei der Registrierung f\u00fcr personalisierte Dienste, mitteilen.<br><br>9. Nutzung und Weitergabe personenbezogener Daten<br>Vienna Constables.at erhebt, verarbeitet und nutzt die von Ihnen erhobenen personenbezogenen Daten zur Pr\u00fcfung und Abwicklung personalisierter Dienste. Es erfolgt keine Weitergabe Ihrer Daten ohne Ihre Einwilligung, es sei denn, es besteht eine rechtliche Verpflichtung. Sie k\u00f6nnen jederzeit Ihre Einwilligung widerrufen.<br><br>7. Auskunft<br>Wir erteilen Ihnen auf ausdr\u00fccklichen Wunsch Auskunft \u00fcber die personenbezogenen Daten, die wir \u00fcber Sie gespeichert haben.<br>&nbsp;<br>8. L\u00f6schung und Sperrung<br>Sind Sie mit der Speicherung Ihrer personenbezogenen Daten nicht mehr einverstanden oder sind die Daten nicht mehr richtig, werden wir \u2013 soweit dies nach geltendem Recht zul\u00e4ssig ist \u2013 die L\u00f6schung oder Sperrung Ihrer Daten veranlassen oder die notwendigen Korrekturen vornehmen.<br><br>9. Technischer Hinweis<br>Die Webseite der Vienna Constables setzt die Unterst\u00fctzung von JavaScript voraus. Sollten Sie JavaScript oder einzelne Funktionen aus JavaScript deaktivieren, kann es sein, dass einige Funktionalit\u00e4ten der Webseite f\u00fcr Sie nicht verf\u00fcgbar sind (z.B. Pop-up FAQ, Pop-up Sitemap). Zur korrekten Anzeige aktivieren Sie bitte JavaScript.<\/p>\n\n\n\r\n<div \r\n\tclass=\"noPrint align wp-block-ppb-print-page\"\tid='ppbPrintPage-1' \r\n\tdata-attributes='{&quot;cId&quot;:&quot;d4388b20-e&quot;,&quot;alignment&quot;:&quot;left&quot;,&quot;btnTypo&quot;:{&quot;fontSize&quot;:14,&quot;isUploadFont&quot;:true},&quot;btnColors&quot;:{&quot;color&quot;:&quot;rgba(77, 77, 77, 1)&quot;,&quot;bg&quot;:&quot;rgba(236, 236, 236, 1)&quot;},&quot;align&quot;:&quot;&quot;,&quot;buttonVariant&quot;:&quot;default&quot;,&quot;isPrintSection&quot;:false,&quot;sectionSelector&quot;:&quot;&quot;,&quot;isModal&quot;:false,&quot;isHeaderFooter&quot;:true,&quot;isBackground&quot;:false,&quot;isLayout&quot;:false,&quot;removeSelectors&quot;:&quot;&quot;,&quot;isIcon&quot;:true,&quot;icon&quot;:{&quot;type&quot;:&quot;default&quot;,&quot;default&quot;:&quot;fcPrinter&quot;,&quot;url&quot;:&quot;&quot;},&quot;isText&quot;:true,&quot;btnText&quot;:&quot;Print&quot;,&quot;btnHoverColors&quot;:{&quot;color&quot;:&quot;#4527a4&quot;,&quot;bg&quot;:&quot;#4527a433&quot;},&quot;btnPadding&quot;:{&quot;vertical&quot;:&quot;5px&quot;,&quot;horizontal&quot;:&quot;15px&quot;},&quot;btnBorder&quot;:{&quot;radius&quot;:&quot;5px&quot;},&quot;btnShadow&quot;:[],&quot;hoverBtnShadow&quot;:[],&quot;TrpContentRestriction&quot;:{&quot;restriction_type&quot;:&quot;exclude&quot;,&quot;selected_languages&quot;:[],&quot;panel_open&quot;:true},&quot;openPopupId&quot;:&quot;&quot;}'\r\n>\r\n<\/div>\r\n","protected":false},"excerpt":{"rendered":"<p>Home \/ Impressum Impressum Offenlegung nach \u00a7 25 (5) Mediengesetz und Allgemeine Informationen nach \u00a7 5 (1) E-Commerce-Gesetz: Medieninhaber\/DiensteanbieterSportunion Vienna Constables Sitz\/Niederlassung1160Wien, Ottakringer Stra\u00dfe 242\/6\/15 (Sonstige Angaben nicht vorhanden bzw. nicht zutreffend) Kontakt: E-Mail:&nbsp;office@constables.atInternet:&nbsp;constables.at Eintragung im Vereinsregister.&nbsp;Registereintrag: Zust\u00e4ndigkeit:&nbsp;Landespolizeidirektion Wien, Referat Vereins-, Versammlungs- und&nbsp;Medienrechtsangelegenheiten&nbsp;ZVR-Zahl: 392028238 NutzungsbedingungenDas Sportunion Austrian Flagfootball Team Vienna Constables (nachfolgend auch als &#8222;Vienna [&hellip;]<\/p>\n","protected":false},"author":1,"featured_media":0,"parent":0,"menu_order":0,"comment_status":"closed","ping_status":"closed","template":"","meta":{"footnotes":""},"class_list":["post-278","page","type-page","status-publish","hentry"],"_links":{"self":[{"href":"http:\/\/www.constables.at\/en\/wp-json\/wp\/v2\/pages\/278","targetHints":{"allow":["GET"]}}],"collection":[{"href":"http:\/\/www.constables.at\/en\/wp-json\/wp\/v2\/pages"}],"about":[{"href":"http:\/\/www.constables.at\/en\/wp-json\/wp\/v2\/types\/page"}],"author":[{"embeddable":true,"href":"http:\/\/www.constables.at\/en\/wp-json\/wp\/v2\/users\/1"}],"replies":[{"embeddable":true,"href":"http:\/\/www.constables.at\/en\/wp-json\/wp\/v2\/comments?post=278"}],"version-history":[{"count":9,"href":"http:\/\/www.constables.at\/en\/wp-json\/wp\/v2\/pages\/278\/revisions"}],"predecessor-version":[{"id":684,"href":"http:\/\/www.constables.at\/en\/wp-json\/wp\/v2\/pages\/278\/revisions\/684"}],"wp:attachment":[{"href":"http:\/\/www.constables.at\/en\/wp-json\/wp\/v2\/media?parent=278"}],"curies":[{"name":"wp","href":"https:\/\/api.w.org\/{rel}","templated":true}]}}